{"id":936,"date":"2024-05-08T08:42:29","date_gmt":"2024-05-08T13:42:29","guid":{"rendered":"https:\/\/hoteleria.distrihogar.com\/?page_id=936"},"modified":"2025-09-17T17:09:30","modified_gmt":"2025-09-17T22:09:30","slug":"cortinas","status":"publish","type":"page","link":"https:\/\/hoteleria.distrihogar.com\/hoteleria-prueba\/cortinas\/","title":{"rendered":"cortinas"},"content":{"rendered":"\n[et_pb_section fb_built=\u00bb1&#8243; fullwidth=\u00bbon\u00bb _builder_version=\u00bb4.20.2&#8243; _module_preset=\u00bbdefault\u00bb module_alignment=\u00bbcenter\u00bb custom_margin=\u00bb||||false|false\u00bb global_colors_info=\u00bb{}\u00bb][et_pb_fullwidth_slider _builder_version=\u00bb4.27.4&#8243; _module_preset=\u00bbdefault\u00bb module_alignment=\u00bbcenter\u00bb height=\u00bb600px\u00bb custom_margin=\u00bb||||false|false\u00bb custom_padding=\u00bb15px||||false|false\u00bb global_colors_info=\u00bb{}\u00bb][et_pb_slide heading=\u00bbCortinas para Uso Institucional\u00bb use_bg_overlay=\u00bbon\u00bb use_text_overlay=\u00bboff\u00bb _builder_version=\u00bb4.27.4&#8243; _module_preset=\u00bbdefault\u00bb header_level=\u00bbh1&#8243; header_font=\u00bbLora||||||||\u00bb header_text_align=\u00bbcenter\u00bb header_font_size=\u00bb63px\u00bb background_image=\u00bbhttps:\/\/hoteleria.distrihogar.com\/hoteleria-prueba\/wp-content\/uploads\/2024\/05\/inteligenciadistrihogar_A_photo_of_a_hand_opening_up_a_heavy__39930f31-b443-4b62-8431-f9f91f27bd8a_0.png\u00bb background_enable_image=\u00bbon\u00bb background_position=\u00bbbottom_right\u00bb background_horizontal_offset=\u00bb0%\u00bb background_vertical_offset=\u00bb4%\u00bb text_orientation=\u00bbcenter\u00bb max_width=\u00bb70%\u00bb custom_padding=\u00bb15px||23px||false|false\u00bb text_shadow_style=\u00bbpreset2&#8243; global_colors_info=\u00bb{}\u00bb sticky_transition=\u00bbon\u00bb][\/et_pb_slide][\/et_pb_fullwidth_slider][\/et_pb_section][et_pb_section fb_built=\u00bb1&#8243; _builder_version=\u00bb4.23.1&#8243; _module_preset=\u00bbdefault\u00bb background_color=\u00bb#303030&#8243; custom_padding=\u00bb3px||5px|||\u00bb global_colors_info=\u00bb{}\u00bb][et_pb_row column_structure=\u00bb1_2,1_2&#8243; _builder_version=\u00bb4.23.1&#8243; _module_preset=\u00bbdefault\u00bb global_colors_info=\u00bb{}\u00bb][et_pb_column type=\u00bb1_2&#8243; _builder_version=\u00bb4.23.1&#8243; _module_preset=\u00bbdefault\u00bb global_colors_info=\u00bb{}\u00bb][et_pb_text _builder_version=\u00bb4.27.4&#8243; _module_preset=\u00bbdefault\u00bb text_font=\u00bbMontserrat||||||||\u00bb text_font_size=\u00bb20px\u00bb text_line_height=\u00bb1.8em\u00bb header_font=\u00bbLora||||||||\u00bb border_width_top=\u00bb4px\u00bb border_style_top=\u00bbgroove\u00bb global_colors_info=\u00bb{}\u00bb]<p style=\"text-align: center;\"><span style=\"color: #cecece;\"><strong><span style=\"font-size: x-large;\">Las cortinas son una parte importante del ambiente de la habitaci\u00f3n.<\/span><\/strong><\/span><\/p>\n<p style=\"text-align: justify;\"><strong> <\/strong><strong><\/strong>Ofrecemos una amplia selecci\u00f3n de estilos, materiales y tecnolog\u00edas que asegurar\u00e1n un entorno c\u00f3modo y acogedor para tus hu\u00e9spedes.<\/p>\n<h2><span style=\"color: #ffffff;\"><strong>Conoce nuestro cat\u00e1logo:<\/strong><\/span><\/h2>\n<p><span style=\"color: #ffffff;\"><strong><\/strong><\/span><\/p>[\/et_pb_text][\/et_pb_column][et_pb_column type=\u00bb1_2&#8243; _builder_version=\u00bb4.23.1&#8243; _module_preset=\u00bbdefault\u00bb global_colors_info=\u00bb{}\u00bb][et_pb_text _builder_version=\u00bb4.25.0&#8243; _module_preset=\u00bbdefault\u00bb global_colors_info=\u00bb{}\u00bb]<p style=\"text-align: center;\"><iframe style=\"border: 1px solid #777;\" data-src=\"https:\/\/indd.adobe.com\/embed\/8a59d207-f9ad-4a78-86f8-da2eac8b7bc7?startpage=1&#038;allowFullscreen=true\" width=\"650px\" height=\"460px\" frameborder=\"0\" allowfullscreen=\"\" src=\"data:image\/svg+xml;base64,PHN2ZyB3aWR0aD0iMSIgaGVpZ2h0PSIxIiB4bWxucz0iaHR0cDovL3d3dy53My5vcmcvMjAwMC9zdmciPjwvc3ZnPg==\" class=\"lazyload\" data-load-mode=\"1\"><\/iframe><\/p>[\/et_pb_text][\/et_pb_column][\/et_pb_row][\/et_pb_section][et_pb_section fb_built=\u00bb1&#8243; admin_label=\u00bbFormulario Contacto\u00bb _builder_version=\u00bb4.20.2&#8243; _module_preset=\u00bbdefault\u00bb use_background_color_gradient=\u00bbon\u00bb background_color_gradient_stops=\u00bb#b3b3b3 0%|#d6d6d6 100%\u00bb global_colors_info=\u00bb{}\u00bb][et_pb_row column_structure=\u00bb1_2,1_2&#8243; _builder_version=\u00bb4.20.2&#8243; _module_preset=\u00bbdefault\u00bb global_colors_info=\u00bb{}\u00bb][et_pb_column type=\u00bb1_2&#8243; _builder_version=\u00bb4.20.2&#8243; _module_preset=\u00bbdefault\u00bb global_colors_info=\u00bb{}\u00bb][et_pb_text _builder_version=\u00bb4.20.2&#8243; _module_preset=\u00bbdefault\u00bb global_colors_info=\u00bb{}\u00bb]<h1>\u00bfBuscas una cotizaci\u00f3n para tu Hotel?<\/h1>\n<p><strong>Queremos conocer mejor tu negocio, dejanos tus datos y as\u00ed podremos ponernos en contacto en el menor tiempo posible.<\/strong><\/p>[\/et_pb_text][\/et_pb_column][et_pb_column type=\u00bb1_2&#8243; _builder_version=\u00bb4.20.2&#8243; _module_preset=\u00bbdefault\u00bb global_colors_info=\u00bb{}\u00bb][et_pb_code _builder_version=\u00bb4.20.2&#8243; _module_preset=\u00bbdefault\u00bb global_colors_info=\u00bb{}\u00bb]<script charset=\"utf-8\" type=\"text\/javascript\" src=\"\/\/js.hsforms.net\/forms\/embed\/v2.js\"><\/script><!-- [et_pb_line_break_holder] --><script><!-- [et_pb_line_break_holder] -->  hbspt.forms.create({<!-- [et_pb_line_break_holder] -->    region: \"na1\",<!-- [et_pb_line_break_holder] -->    portalId: \"20223167\",<!-- [et_pb_line_break_holder] -->    formId: \"3edb2fb9-a0c3-4527-a2f1-7121d054b1d7\"<!-- [et_pb_line_break_holder] -->  });<!-- [et_pb_line_break_holder] --><\/script>[\/et_pb_code][\/et_pb_column][\/et_pb_row][\/et_pb_section][et_pb_section fb_built=\u00bb1&#8243; admin_label=\u00bbSection\u00bb _builder_version=\u00bb4.22.2&#8243; _module_preset=\u00bbdefault\u00bb background_color=\u00bb#b7b7b7&#8243; global_colors_info=\u00bb{}\u00bb][et_pb_row admin_label=\u00bbVideo Amelia\u00bb _builder_version=\u00bb4.22.2&#8243; _module_preset=\u00bbdefault\u00bb global_colors_info=\u00bb{}\u00bb][et_pb_column type=\u00bb4_4&#8243; _builder_version=\u00bb4.22.2&#8243; _module_preset=\u00bbdefault\u00bb global_colors_info=\u00bb{}\u00bb][ba_video_popup image=\u00bbhttps:\/\/hoteleria.distrihogar.com\/hoteleria-prueba\/wp-content\/uploads\/2023\/10\/PortadaAmeliaDH.jpg\u00bb image_alt=\u00bbLa F\u00e1brica de Sue\u00f1os\u00bb trigger_element=\u00bbicon_text\u00bb icon=\u00bb5&#8243; text=\u00bb\u00a1Conoce la F\u00e1brica de Sue\u00f1os!\u00bb video_link=\u00bbhttps:\/\/youtu.be\/yGbeOU8fbFU?si=JkFD3q_kmuUtpdtM\u00bb use_animation=\u00bbon\u00bb icon_color=\u00bb#ffffff\u00bb icon_bg=\u00bbRGBA(255,255,255,0)\u00bb _builder_version=\u00bb4.23.1&#8243; _module_preset=\u00bbdefault\u00bb trigger_font=\u00bb|700|||||||\u00bb trigger_font_size=\u00bb35px\u00bb background_color=\u00bb#848484&#8243; global_colors_info=\u00bb{}\u00bb][\/ba_video_popup][\/et_pb_column][\/et_pb_row][\/et_pb_section][et_pb_section fb_built=\u00bb1&#8243; _builder_version=\u00bb4.23.1&#8243; _module_preset=\u00bbdefault\u00bb custom_margin=\u00bb||||false|false\u00bb custom_padding=\u00bb0px||6px||false|false\u00bb global_colors_info=\u00bb{}\u00bb][et_pb_row _builder_version=\u00bb4.20.2&#8243; _module_preset=\u00bbdefault\u00bb custom_padding=\u00bb50px|||||\u00bb global_colors_info=\u00bb{}\u00bb][et_pb_column type=\u00bb4_4&#8243; _builder_version=\u00bb4.20.2&#8243; _module_preset=\u00bbdefault\u00bb global_colors_info=\u00bb{}\u00bb][et_pb_text _builder_version=\u00bb4.27.4&#8243; _module_preset=\u00bbdefault\u00bb text_font=\u00bbMontserrat||||||||\u00bb header_font=\u00bbLora||||||||\u00bb text_orientation=\u00bbcenter\u00bb max_width=\u00bb70%\u00bb module_alignment=\u00bbcenter\u00bb global_colors_info=\u00bb{}\u00bb]<h1 style=\"text-align: center;\"><strong>Textiles para la Experiencia Hotelera.<\/strong><\/h1>\n<p style=\"text-align: center;\">Nuestra experiencia en el sector hotelero se extiende a otros ambientes vitales para obtener una experiencia homogenea, agradable y memorable. Textiles para el ba\u00f1o, zonas h\u00famedas, spa y restaurantes o cafeter\u00eda.<\/p>[\/et_pb_text][ba_image_carousel slide_count_tablet=\u00bb\u00bb slide_count_phone=\u00bb2&#8243; slide_count_last_edited=\u00bbon|phone\u00bb _builder_version=\u00bb4.27.4&#8243; _module_preset=\u00bbdefault\u00bb custom_padding=\u00bb0px|||||\u00bb global_colors_info=\u00bb{}\u00bb][ba_image_carousel_child photo=\u00bbhttps:\/\/hoteleria.distrihogar.com\/hoteleria-prueba\/wp-content\/uploads\/2023\/03\/ProductoToallas.jpg\u00bb title=\u00bbToallas\u00bb _builder_version=\u00bb4.27.4&#8243; _module_preset=\u00bbdefault\u00bb title_font=\u00bbLora||on||||||\u00bb global_colors_info=\u00bb{}\u00bb][\/ba_image_carousel_child][ba_image_carousel_child photo=\u00bbhttps:\/\/hoteleria.distrihogar.com\/hoteleria-prueba\/wp-content\/uploads\/2023\/03\/ProductoBatas.jpg\u00bb title=\u00bbBatas de Ba\u00f1o\u00bb _builder_version=\u00bb4.27.4&#8243; _module_preset=\u00bbdefault\u00bb title_font=\u00bbLora||on||||||\u00bb global_colors_info=\u00bb{}\u00bb][\/ba_image_carousel_child][ba_image_carousel_child photo=\u00bbhttps:\/\/hoteleria.distrihogar.com\/hoteleria-prueba\/wp-content\/uploads\/2023\/03\/ProductoMesa.jpg\u00bb title=\u00bbTextiles para la Mesa\u00bb _builder_version=\u00bb4.27.4&#8243; _module_preset=\u00bbdefault\u00bb title_font=\u00bbLora||on||||||\u00bb global_colors_info=\u00bb{}\u00bb][\/ba_image_carousel_child][\/ba_image_carousel][ba_image_carousel _builder_version=\u00bb4.27.4&#8243; _module_preset=\u00bbdefault\u00bb global_module=\u00bb847&#8243; saved_tabs=\u00bball\u00bb locked=\u00bboff\u00bb global_colors_info=\u00bb{}\u00bb][ba_image_carousel_child photo=\u00bbhttps:\/\/hoteleria.distrihogar.com\/hoteleria-prueba\/wp-content\/uploads\/2023\/03\/ProductoAlmohadas.jpg\u00bb title=\u00bbAlmohadas\u00bb sub_title=\u00bbLas almohadas son una parte esencial de la experiencia de sue\u00f1o. Ofrecemos una amplia selecci\u00f3n de almohadas que se adaptan a las necesidades de cada hu\u00e9sped.\u00bb _builder_version=\u00bb4.27.4&#8243; _module_preset=\u00bbdefault\u00bb title_font=\u00bbLora||||||||\u00bb subtitle_level=\u00bbh6&#8243; subtitle_font=\u00bbMontserrat||||||||\u00bb global_colors_info=\u00bb{}\u00bb][\/ba_image_carousel_child][ba_image_carousel_child photo=\u00bbhttps:\/\/hoteleria.distrihogar.com\/hoteleria-prueba\/wp-content\/uploads\/2023\/03\/ProductoProtectores.jpg\u00bb title=\u00bbProtectores de Colch\u00f3n y Almohada\u00bb sub_title=\u00bbLos protectores de colch\u00f3n y almohadas son una parte esencial de la experiencia de sue\u00f1o de cualquier hu\u00e9sped. Ofrecemos una amplia selecci\u00f3n de protectores que garantizar\u00e1n la higiene y durabilidad de los productos de descanso.\u00bb _builder_version=\u00bb4.27.4&#8243; _module_preset=\u00bbdefault\u00bb title_font=\u00bbLora||||||||\u00bb subtitle_level=\u00bbh6&#8243; subtitle_font=\u00bbMontserrat||||||||\u00bb global_colors_info=\u00bb{}\u00bb][\/ba_image_carousel_child][ba_image_carousel_child photo=\u00bbhttps:\/\/hoteleria.distrihogar.com\/hoteleria-prueba\/wp-content\/uploads\/2023\/03\/ProductoPlumon.jpg\u00bb title=\u00bbPlumones\u00bb sub_title=\u00bbLos plumones son una excelente opci\u00f3n para los hu\u00e9spedes que prefieren una cama m\u00e1s c\u00e1lida. Ofrecemos diferentes tipos de plumones que se adaptan a las necesidades de cada hu\u00e9sped.\u00bb _builder_version=\u00bb4.27.4&#8243; _module_preset=\u00bbdefault\u00bb title_font=\u00bbLora||||||||\u00bb subtitle_level=\u00bbh6&#8243; subtitle_font=\u00bbMontserrat||||||||\u00bb global_colors_info=\u00bb{}\u00bb][\/ba_image_carousel_child][ba_image_carousel_child photo=\u00bbhttps:\/\/hoteleria.distrihogar.com\/hoteleria-prueba\/wp-content\/uploads\/2023\/03\/ProductoMTopper.jpg\u00bb title=\u00bbMatress Topper\u00bb sub_title=\u00bbLos mattress toppers son una opci\u00f3n popular para mejorar la comodidad de los colchones. Ofrecemos una selecci\u00f3n de toppers en diferentes materiales y espesores para adaptarse a cualquier colch\u00f3n de hotel.\u00bb content_alignment=\u00bbcenter\u00bb _builder_version=\u00bb4.27.4&#8243; _module_preset=\u00bbdefault\u00bb title_font=\u00bbLora||||||||\u00bb subtitle_level=\u00bbh6&#8243; subtitle_font=\u00bbMontserrat||||||||\u00bb global_colors_info=\u00bb{}\u00bb][\/ba_image_carousel_child][ba_image_carousel_child photo=\u00bbhttps:\/\/hoteleria.distrihogar.com\/hoteleria-prueba\/wp-content\/uploads\/2023\/03\/ProductoColchon.jpg\u00bb title=\u00bbColchones para Hoteler\u00eda\u00bb sub_title=\u00bbEl colch\u00f3n es el elemento m\u00e1s importante de cualquier habitaci\u00f3n de hotel. Ofrecemos una variedad de colchones para adaptarse a diferentes presupuestos y necesidades, desde colchones econ\u00f3micos hasta opciones de lujo.\u00bb _builder_version=\u00bb4.27.4&#8243; _module_preset=\u00bbdefault\u00bb title_font=\u00bbLora||||||||\u00bb subtitle_level=\u00bbh6&#8243; subtitle_font=\u00bbMontserrat||||||||\u00bb global_colors_info=\u00bb{}\u00bb][\/ba_image_carousel_child][ba_image_carousel_child photo=\u00bbhttps:\/\/hoteleria.distrihogar.com\/hoteleria-prueba\/wp-content\/uploads\/2023\/03\/ProductoCobija.jpg\u00bb title=\u00bbCobijas de Alto Tr\u00e1fico\u00bb sub_title=\u00bbLas cobijas son una adici\u00f3n acogedora a cualquier habitaci\u00f3n de hotel. Ofrecemos una variedad de cobijas en diferentes materiales y estilos para satisfacer las necesidades de sus hu\u00e9spedes.\u00bb _builder_version=\u00bb4.27.4&#8243; _module_preset=\u00bbdefault\u00bb title_font=\u00bbLora||||||||\u00bb subtitle_level=\u00bbh6&#8243; subtitle_font=\u00bbMontserrat||||||||\u00bb global_colors_info=\u00bb{}\u00bb][\/ba_image_carousel_child][ba_image_carousel_child photo=\u00bbhttps:\/\/hoteleria.distrihogar.com\/hoteleria-prueba\/wp-content\/uploads\/2023\/03\/ProductoCover.jpg\u00bb photo_alt=\u00bbCover Duvet o Funda Plum\u00f3n\u00bb title=\u00bbCover Duvet o Funda Plum\u00f3n\u00bb sub_title=\u00bbLos cubrecamas son esenciales para mantener el edred\u00f3n limpio y protegido. Ofrecemos una variedad de cubrecamas en diferentes materiales y dise\u00f1os para adaptarse a cualquier habitaci\u00f3n de hotel.\u00bb _builder_version=\u00bb4.27.4&#8243; _module_preset=\u00bbdefault\u00bb title_font=\u00bbLora||||||||\u00bb subtitle_level=\u00bbh6&#8243; subtitle_font=\u00bbMontserrat||||||||\u00bb global_colors_info=\u00bb{}\u00bb][\/ba_image_carousel_child][ba_image_carousel_child photo=\u00bbhttps:\/\/hoteleria.distrihogar.com\/hoteleria-prueba\/wp-content\/uploads\/2023\/03\/ProductoCortinas.jpg\u00bb title=\u00bbCortiner\u00eda Comercial\u00bb sub_title=\u00bbLas cortinas son importantes para controlar la luz y la privacidad en la habitaci\u00f3n. Ofrecemos una selecci\u00f3n de cortinas en diferentes estilos y materiales para adaptarse a cualquier habitaci\u00f3n de hotel.\u00bb _builder_version=\u00bb4.27.4&#8243; _module_preset=\u00bbdefault\u00bb title_font=\u00bbLora||||||||\u00bb subtitle_level=\u00bbh6&#8243; subtitle_font=\u00bbMontserrat||||||||\u00bb global_colors_info=\u00bb{}\u00bb][\/ba_image_carousel_child][\/ba_image_carousel][\/et_pb_column][\/et_pb_row][et_pb_row _builder_version=\u00bb4.20.2&#8243; _module_preset=\u00bbdefault\u00bb global_colors_info=\u00bb{}\u00bb][et_pb_column type=\u00bb4_4&#8243; _builder_version=\u00bb4.20.2&#8243; _module_preset=\u00bbdefault\u00bb global_colors_info=\u00bb{}\u00bb][et_pb_cta title=\u00bbConoce Nuestro Cat\u00e1logo\u00bb button_url=\u00bb@ET-DC@eyJkeW5hbWljIjp0cnVlLCJjb250ZW50IjoicG9zdF9saW5rX3VybF9wYWdlIiwic2V0dGluZ3MiOnsicG9zdF9pZCI6IjMwIn19@\u00bb button_text=\u00bbVer ahora\u00bb _builder_version=\u00bb4.27.4&#8243; _dynamic_attributes=\u00bbbutton_url\u00bb _module_preset=\u00bbdefault\u00bb header_font=\u00bbLora||||||||\u00bb body_font=\u00bbMontserrat||||||||\u00bb body_text_align=\u00bbcenter\u00bb background_color=\u00bb#B3B3B3&#8243; background_color_gradient_stops=\u00bbrgba(0,0,0,0.45) 1%|#000000 100%\u00bb background_color_gradient_overlays_image=\u00bbon\u00bb background_image=\u00bbhttps:\/\/hoteleria.distrihogar.com\/hoteleria-prueba\/wp-content\/uploads\/2023\/03\/Slide_HHotel.jpg\u00bb parallax=\u00bbon\u00bb background_blend=\u00bbmultiply\u00bb hover_enabled=\u00bb0&#8243; locked=\u00bboff\u00bb global_colors_info=\u00bb{}\u00bb use_background_color_gradient=\u00bbon\u00bb sticky_enabled=\u00bb0&#8243;]<p>Ofrecemos una amplia gama de productos espec\u00edficamente dise\u00f1ados para la industria hotelera, conoce nuestra oferta y habla con uno de nuestros comerciales expertos.<\/p>[\/et_pb_cta][\/et_pb_column][\/et_pb_row][\/et_pb_section]\n","protected":false},"excerpt":{"rendered":"<p>Las cortinas son una parte importante del ambiente de la habitaci\u00f3n. Ofrecemos una amplia selecci\u00f3n de estilos, materiales y tecnolog\u00edas que asegurar\u00e1n un entorno c\u00f3modo y acogedor para tus hu\u00e9spedes. Conoce nuestro cat\u00e1logo: \u00bfBuscas una cotizaci\u00f3n para tu Hotel? Queremos conocer mejor tu negocio, dejanos tus datos y as\u00ed podremos ponernos en contacto en el [&hellip;]<\/p>\n","protected":false},"author":2,"featured_media":0,"parent":0,"menu_order":0,"comment_status":"closed","ping_status":"closed","template":"","meta":{"_et_pb_use_builder":"on","_et_pb_old_content":"","_et_gb_content_width":"","content-type":"","footnotes":""},"class_list":["post-936","page","type-page","status-publish","hentry"],"yoast_head":"<!-- This site is optimized with the Yoast SEO plugin v26.2 - https:\/\/yoast.com\/wordpress\/plugins\/seo\/ -->\n<title>cortinas - Hoteleria Distrihogar<\/title>\n<meta name=\"robots\" content=\"index, follow, max-snippet:-1, max-image-preview:large, max-video-preview:-1\" \/>\n<link rel=\"canonical\" href=\"https:\/\/hoteleria.distrihogar.com\/cortinas\/\" \/>\n<meta property=\"og:locale\" content=\"es_ES\" \/>\n<meta property=\"og:type\" content=\"article\" \/>\n<meta property=\"og:title\" content=\"cortinas - Hoteleria Distrihogar\" \/>\n<meta property=\"og:description\" content=\"Las cortinas son una parte importante del ambiente de la habitaci\u00f3n. Ofrecemos una amplia selecci\u00f3n de estilos, materiales y tecnolog\u00edas que asegurar\u00e1n un entorno c\u00f3modo y acogedor para tus hu\u00e9spedes. Conoce nuestro cat\u00e1logo: \u00bfBuscas una cotizaci\u00f3n para tu Hotel? Queremos conocer mejor tu negocio, dejanos tus datos y as\u00ed podremos ponernos en contacto en el [&hellip;]\" \/>\n<meta property=\"og:url\" content=\"https:\/\/hoteleria.distrihogar.com\/cortinas\/\" \/>\n<meta property=\"og:site_name\" content=\"Hoteleria Distrihogar\" \/>\n<meta property=\"article:modified_time\" content=\"2025-09-17T22:09:30+00:00\" \/>\n<meta name=\"twitter:card\" content=\"summary_large_image\" \/>\n<meta name=\"twitter:label1\" content=\"Tiempo de lectura\" \/>\n\t<meta name=\"twitter:data1\" content=\"8 minutos\" \/>\n<script type=\"application\/ld+json\" class=\"yoast-schema-graph\">{\"@context\":\"https:\/\/schema.org\",\"@graph\":[{\"@type\":\"WebPage\",\"@id\":\"https:\/\/hoteleria.distrihogar.com\/cortinas\/\",\"url\":\"https:\/\/hoteleria.distrihogar.com\/cortinas\/\",\"name\":\"cortinas - Hoteleria Distrihogar\",\"isPartOf\":{\"@id\":\"https:\/\/hoteleria.distrihogar.com\/#website\"},\"datePublished\":\"2024-05-08T13:42:29+00:00\",\"dateModified\":\"2025-09-17T22:09:30+00:00\",\"breadcrumb\":{\"@id\":\"https:\/\/hoteleria.distrihogar.com\/cortinas\/#breadcrumb\"},\"inLanguage\":\"es\",\"potentialAction\":[{\"@type\":\"ReadAction\",\"target\":[\"https:\/\/hoteleria.distrihogar.com\/cortinas\/\"]}]},{\"@type\":\"BreadcrumbList\",\"@id\":\"https:\/\/hoteleria.distrihogar.com\/cortinas\/#breadcrumb\",\"itemListElement\":[{\"@type\":\"ListItem\",\"position\":1,\"name\":\"Inicio\",\"item\":\"https:\/\/hoteleria.distrihogar.com\/\"},{\"@type\":\"ListItem\",\"position\":2,\"name\":\"cortinas\"}]},{\"@type\":\"WebSite\",\"@id\":\"https:\/\/hoteleria.distrihogar.com\/#website\",\"url\":\"https:\/\/hoteleria.distrihogar.com\/\",\"name\":\"Hoteleria Distrihogar\",\"description\":\"Dotaci&oacute;n Institucional Hotelera\",\"publisher\":{\"@id\":\"https:\/\/hoteleria.distrihogar.com\/#organization\"},\"potentialAction\":[{\"@type\":\"SearchAction\",\"target\":{\"@type\":\"EntryPoint\",\"urlTemplate\":\"https:\/\/hoteleria.distrihogar.com\/?s={search_term_string}\"},\"query-input\":{\"@type\":\"PropertyValueSpecification\",\"valueRequired\":true,\"valueName\":\"search_term_string\"}}],\"inLanguage\":\"es\"},{\"@type\":\"Organization\",\"@id\":\"https:\/\/hoteleria.distrihogar.com\/#organization\",\"name\":\"Hoteleria Distrihogar\",\"alternateName\":\"hoteleria.distrihogar.com\",\"url\":\"https:\/\/hoteleria.distrihogar.com\/\",\"logo\":{\"@type\":\"ImageObject\",\"inLanguage\":\"es\",\"@id\":\"https:\/\/hoteleria.distrihogar.com\/#\/schema\/logo\/image\/\",\"url\":\"https:\/\/hoteleria.distrihogar.com\/wp-content\/uploads\/2023\/02\/LogoDhHotel-horz.png\",\"contentUrl\":\"https:\/\/hoteleria.distrihogar.com\/wp-content\/uploads\/2023\/02\/LogoDhHotel-horz.png\",\"width\":300,\"height\":41,\"caption\":\"Hoteleria Distrihogar\"},\"image\":{\"@id\":\"https:\/\/hoteleria.distrihogar.com\/#\/schema\/logo\/image\/\"}}]}<\/script>\n<!-- \/ Yoast SEO plugin. -->","yoast_head_json":{"title":"cortinas - Hoteleria Distrihogar","robots":{"index":"index","follow":"follow","max-snippet":"max-snippet:-1","max-image-preview":"max-image-preview:large","max-video-preview":"max-video-preview:-1"},"canonical":"https:\/\/hoteleria.distrihogar.com\/cortinas\/","og_locale":"es_ES","og_type":"article","og_title":"cortinas - Hoteleria Distrihogar","og_description":"Las cortinas son una parte importante del ambiente de la habitaci\u00f3n. Ofrecemos una amplia selecci\u00f3n de estilos, materiales y tecnolog\u00edas que asegurar\u00e1n un entorno c\u00f3modo y acogedor para tus hu\u00e9spedes. Conoce nuestro cat\u00e1logo: \u00bfBuscas una cotizaci\u00f3n para tu Hotel? Queremos conocer mejor tu negocio, dejanos tus datos y as\u00ed podremos ponernos en contacto en el [&hellip;]","og_url":"https:\/\/hoteleria.distrihogar.com\/cortinas\/","og_site_name":"Hoteleria Distrihogar","article_modified_time":"2025-09-17T22:09:30+00:00","twitter_card":"summary_large_image","twitter_misc":{"Tiempo de lectura":"8 minutos"},"schema":{"@context":"https:\/\/schema.org","@graph":[{"@type":"WebPage","@id":"https:\/\/hoteleria.distrihogar.com\/cortinas\/","url":"https:\/\/hoteleria.distrihogar.com\/cortinas\/","name":"cortinas - Hoteleria Distrihogar","isPartOf":{"@id":"https:\/\/hoteleria.distrihogar.com\/#website"},"datePublished":"2024-05-08T13:42:29+00:00","dateModified":"2025-09-17T22:09:30+00:00","breadcrumb":{"@id":"https:\/\/hoteleria.distrihogar.com\/cortinas\/#breadcrumb"},"inLanguage":"es","potentialAction":[{"@type":"ReadAction","target":["https:\/\/hoteleria.distrihogar.com\/cortinas\/"]}]},{"@type":"BreadcrumbList","@id":"https:\/\/hoteleria.distrihogar.com\/cortinas\/#breadcrumb","itemListElement":[{"@type":"ListItem","position":1,"name":"Inicio","item":"https:\/\/hoteleria.distrihogar.com\/"},{"@type":"ListItem","position":2,"name":"cortinas"}]},{"@type":"WebSite","@id":"https:\/\/hoteleria.distrihogar.com\/#website","url":"https:\/\/hoteleria.distrihogar.com\/","name":"Hoteleria Distrihogar","description":"Dotaci&oacute;n Institucional Hotelera","publisher":{"@id":"https:\/\/hoteleria.distrihogar.com\/#organization"},"potentialAction":[{"@type":"SearchAction","target":{"@type":"EntryPoint","urlTemplate":"https:\/\/hoteleria.distrihogar.com\/?s={search_term_string}"},"query-input":{"@type":"PropertyValueSpecification","valueRequired":true,"valueName":"search_term_string"}}],"inLanguage":"es"},{"@type":"Organization","@id":"https:\/\/hoteleria.distrihogar.com\/#organization","name":"Hoteleria Distrihogar","alternateName":"hoteleria.distrihogar.com","url":"https:\/\/hoteleria.distrihogar.com\/","logo":{"@type":"ImageObject","inLanguage":"es","@id":"https:\/\/hoteleria.distrihogar.com\/#\/schema\/logo\/image\/","url":"https:\/\/hoteleria.distrihogar.com\/wp-content\/uploads\/2023\/02\/LogoDhHotel-horz.png","contentUrl":"https:\/\/hoteleria.distrihogar.com\/wp-content\/uploads\/2023\/02\/LogoDhHotel-horz.png","width":300,"height":41,"caption":"Hoteleria Distrihogar"},"image":{"@id":"https:\/\/hoteleria.distrihogar.com\/#\/schema\/logo\/image\/"}}]}},"jetpack_sharing_enabled":true,"_links":{"self":[{"href":"https:\/\/hoteleria.distrihogar.com\/hoteleria-prueba\/wp-json\/wp\/v2\/pages\/936","targetHints":{"allow":["GET"]}}],"collection":[{"href":"https:\/\/hoteleria.distrihogar.com\/hoteleria-prueba\/wp-json\/wp\/v2\/pages"}],"about":[{"href":"https:\/\/hoteleria.distrihogar.com\/hoteleria-prueba\/wp-json\/wp\/v2\/types\/page"}],"author":[{"embeddable":true,"href":"https:\/\/hoteleria.distrihogar.com\/hoteleria-prueba\/wp-json\/wp\/v2\/users\/2"}],"replies":[{"embeddable":true,"href":"https:\/\/hoteleria.distrihogar.com\/hoteleria-prueba\/wp-json\/wp\/v2\/comments?post=936"}],"version-history":[{"count":13,"href":"https:\/\/hoteleria.distrihogar.com\/hoteleria-prueba\/wp-json\/wp\/v2\/pages\/936\/revisions"}],"predecessor-version":[{"id":1674,"href":"https:\/\/hoteleria.distrihogar.com\/hoteleria-prueba\/wp-json\/wp\/v2\/pages\/936\/revisions\/1674"}],"wp:attachment":[{"href":"https:\/\/hoteleria.distrihogar.com\/hoteleria-prueba\/wp-json\/wp\/v2\/media?parent=936"}],"curies":[{"name":"wp","href":"https:\/\/api.w.org\/{rel}","templated":true}]}}