{"id":30,"date":"2023-02-24T14:36:55","date_gmt":"2023-02-24T14:36:55","guid":{"rendered":"https:\/\/hoteleria.distrihogar.com\/?page_id=30"},"modified":"2023-03-07T10:17:13","modified_gmt":"2023-03-07T15:17:13","slug":"catalogo-de-hoteleria","status":"publish","type":"page","link":"https:\/\/hoteleria.distrihogar.com\/hoteleria-prueba\/catalogo-de-hoteleria\/","title":{"rendered":"Cat\u00e1logo de Hoteler\u00eda"},"content":{"rendered":"<p>[et_pb_section fb_built=\u00bb1&#8243; fullwidth=\u00bbon\u00bb _builder_version=\u00bb4.20.0&#8243; _module_preset=\u00bbdefault\u00bb global_colors_info=\u00bb{}\u00bb][et_pb_fullwidth_code raw_content_tablet=\u00bb<iframe style=%22border: 1px solid #777;%22 src=%22https:\/\/indd.adobe.com\/embed\/17c79cfc-b73e-4dc4-907c-df9265370fc9?startpage=1&#038;allowFullscreen=true%22 width=100% height=800 frameborder=%220%22 allowfullscreen=%22%22><\/iframe>\u00bb raw_content_phone=\u00bb<iframe style=%22border: 1px solid #777;%22 src=%22https:\/\/indd.adobe.com\/embed\/17c79cfc-b73e-4dc4-907c-df9265370fc9?startpage=1&#038;allowFullscreen=true%22 width=100% height=800 frameborder=%220%22 allowfullscreen=%22%22><\/iframe>\u00bb raw_content_last_edited=\u00bbon|desktop\u00bb _builder_version=\u00bb4.20.0&#8243; _module_preset=\u00bbdefault\u00bb background_color=\u00bb#000000&#8243; global_colors_info=\u00bb{}\u00bb]<iframe style=\"border: 1px solid #777;\" data-src=\"https:\/\/indd.adobe.com\/embed\/17c79cfc-b73e-4dc4-907c-df9265370fc9?startpage=1&#038;allowFullscreen=true\" width=100% height=1000 frameborder=\"0\" allowfullscreen=\"\" src=\"data:image\/svg+xml;base64,PHN2ZyB3aWR0aD0iMSIgaGVpZ2h0PSIxIiB4bWxucz0iaHR0cDovL3d3dy53My5vcmcvMjAwMC9zdmciPjwvc3ZnPg==\" class=\"lazyload\" data-load-mode=\"1\"><\/iframe>[\/et_pb_fullwidth_code][\/et_pb_section][et_pb_section fb_built=\u00bb1&#8243; theme_builder_area=\u00bbpost_content\u00bb _builder_version=\u00bb4.20.0&#8243; _module_preset=\u00bbdefault\u00bb][et_pb_row _builder_version=\u00bb4.20.0&#8243; _module_preset=\u00bbdefault\u00bb column_structure=\u00bb1_2,1_2&#8243; theme_builder_area=\u00bbpost_content\u00bb][et_pb_column _builder_version=\u00bb4.20.0&#8243; _module_preset=\u00bbdefault\u00bb type=\u00bb1_2&#8243; theme_builder_area=\u00bbpost_content\u00bb][et_pb_text _builder_version=\u00bb4.20.0&#8243; _module_preset=\u00bbdefault\u00bb theme_builder_area=\u00bbpost_content\u00bb hover_enabled=\u00bb0&#8243; sticky_enabled=\u00bb0&#8243;]<\/p>\n<h1>\u00bfBuscas una cotizaci\u00f3n para tu Hotel?<\/h1>\n<p><strong>Queremos conocer mejor tu negocio, dejanos tus datos y as\u00ed podremos ponernos en contacto en el menor tiempo posible.<\/strong><\/p>\n<p>Tambien puedes gestionar f\u00e1cil y r\u00e1pido la dotaci\u00f3n de tu negocio con la mejor calidad y rentabilidad, accede al cat\u00e1logo de referencias disponibles para despacho inmediato en <a href=\"http:\/\/www.dotafacil.com\" target=\"_blank\" rel=\"noopener\" title=\"Dotafacil, es f\u00e1cil para ti y bueno para tu negocio.\">dotaf\u00e1cil.com<\/a>, con el respaldo de Distrihogar.<\/p>\n<p>[\/et_pb_text][\/et_pb_column][et_pb_column _builder_version=\u00bb4.20.0&#8243; _module_preset=\u00bbdefault\u00bb type=\u00bb1_2&#8243; theme_builder_area=\u00bbpost_content\u00bb][et_pb_code _builder_version=\u00bb4.20.0&#8243; _module_preset=\u00bbdefault\u00bb theme_builder_area=\u00bbpost_content\u00bb hover_enabled=\u00bb0&#8243; sticky_enabled=\u00bb0&#8243;]<script charset=\"utf-8\" type=\"text\/javascript\" src=\"\/\/js.hsforms.net\/forms\/embed\/v2.js\"><\/script><!-- [et_pb_line_break_holder] --><script><!-- [et_pb_line_break_holder] -->  hbspt.forms.create({<!-- [et_pb_line_break_holder] -->    region: \"na1\",<!-- [et_pb_line_break_holder] -->    portalId: \"20223167\",<!-- [et_pb_line_break_holder] -->    formId: \"3edb2fb9-a0c3-4527-a2f1-7121d054b1d7\"<!-- [et_pb_line_break_holder] -->  });<!-- [et_pb_line_break_holder] --><\/script>[\/et_pb_code][\/et_pb_column][\/et_pb_row][\/et_pb_section]<\/p>\n","protected":false},"excerpt":{"rendered":"<p>\u00bfBuscas una cotizaci\u00f3n para tu Hotel? Queremos conocer mejor tu negocio, dejanos tus datos y as\u00ed podremos ponernos en contacto en el menor tiempo posible. Tambien puedes gestionar f\u00e1cil y r\u00e1pido la dotaci\u00f3n de tu negocio con la mejor calidad y rentabilidad, accede al cat\u00e1logo de referencias disponibles para despacho inmediato en dotaf\u00e1cil.com, con el [&hellip;]<\/p>\n","protected":false},"author":2,"featured_media":0,"parent":0,"menu_order":0,"comment_status":"closed","ping_status":"closed","template":"","meta":{"_et_pb_use_builder":"on","_et_pb_old_content":"","_et_gb_content_width":"","content-type":"","footnotes":""},"class_list":["post-30","page","type-page","status-publish","hentry"],"yoast_head":"<!-- This site is optimized with the Yoast SEO plugin v26.2 - https:\/\/yoast.com\/wordpress\/plugins\/seo\/ -->\n<title>Cat\u00e1logo de Hoteler\u00eda - Hoteleria Distrihogar<\/title>\n<meta name=\"robots\" content=\"index, follow, max-snippet:-1, max-image-preview:large, max-video-preview:-1\" \/>\n<link rel=\"canonical\" href=\"https:\/\/hoteleria.distrihogar.com\/catalogo-de-hoteleria\/\" \/>\n<meta property=\"og:locale\" content=\"es_ES\" \/>\n<meta property=\"og:type\" content=\"article\" \/>\n<meta property=\"og:title\" content=\"Cat\u00e1logo de Hoteler\u00eda - Hoteleria Distrihogar\" \/>\n<meta property=\"og:description\" content=\"\u00bfBuscas una cotizaci\u00f3n para tu Hotel? Queremos conocer mejor tu negocio, dejanos tus datos y as\u00ed podremos ponernos en contacto en el menor tiempo posible. Tambien puedes gestionar f\u00e1cil y r\u00e1pido la dotaci\u00f3n de tu negocio con la mejor calidad y rentabilidad, accede al cat\u00e1logo de referencias disponibles para despacho inmediato en dotaf\u00e1cil.com, con el [&hellip;]\" \/>\n<meta property=\"og:url\" content=\"https:\/\/hoteleria.distrihogar.com\/catalogo-de-hoteleria\/\" \/>\n<meta property=\"og:site_name\" content=\"Hoteleria Distrihogar\" \/>\n<meta property=\"article:modified_time\" content=\"2023-03-07T15:17:13+00:00\" \/>\n<meta name=\"twitter:card\" content=\"summary_large_image\" \/>\n<meta name=\"twitter:label1\" content=\"Tiempo de lectura\" \/>\n\t<meta name=\"twitter:data1\" content=\"1 minuto\" \/>\n<script type=\"application\/ld+json\" class=\"yoast-schema-graph\">{\"@context\":\"https:\/\/schema.org\",\"@graph\":[{\"@type\":\"WebPage\",\"@id\":\"https:\/\/hoteleria.distrihogar.com\/catalogo-de-hoteleria\/\",\"url\":\"https:\/\/hoteleria.distrihogar.com\/catalogo-de-hoteleria\/\",\"name\":\"Cat\u00e1logo de Hoteler\u00eda - Hoteleria Distrihogar\",\"isPartOf\":{\"@id\":\"https:\/\/hoteleria.distrihogar.com\/#website\"},\"datePublished\":\"2023-02-24T14:36:55+00:00\",\"dateModified\":\"2023-03-07T15:17:13+00:00\",\"breadcrumb\":{\"@id\":\"https:\/\/hoteleria.distrihogar.com\/catalogo-de-hoteleria\/#breadcrumb\"},\"inLanguage\":\"es\",\"potentialAction\":[{\"@type\":\"ReadAction\",\"target\":[\"https:\/\/hoteleria.distrihogar.com\/catalogo-de-hoteleria\/\"]}]},{\"@type\":\"BreadcrumbList\",\"@id\":\"https:\/\/hoteleria.distrihogar.com\/catalogo-de-hoteleria\/#breadcrumb\",\"itemListElement\":[{\"@type\":\"ListItem\",\"position\":1,\"name\":\"Inicio\",\"item\":\"https:\/\/hoteleria.distrihogar.com\/\"},{\"@type\":\"ListItem\",\"position\":2,\"name\":\"Cat\u00e1logo de Hoteler\u00eda\"}]},{\"@type\":\"WebSite\",\"@id\":\"https:\/\/hoteleria.distrihogar.com\/#website\",\"url\":\"https:\/\/hoteleria.distrihogar.com\/\",\"name\":\"Hoteleria Distrihogar\",\"description\":\"Dotaci&oacute;n Institucional Hotelera\",\"publisher\":{\"@id\":\"https:\/\/hoteleria.distrihogar.com\/#organization\"},\"potentialAction\":[{\"@type\":\"SearchAction\",\"target\":{\"@type\":\"EntryPoint\",\"urlTemplate\":\"https:\/\/hoteleria.distrihogar.com\/?s={search_term_string}\"},\"query-input\":{\"@type\":\"PropertyValueSpecification\",\"valueRequired\":true,\"valueName\":\"search_term_string\"}}],\"inLanguage\":\"es\"},{\"@type\":\"Organization\",\"@id\":\"https:\/\/hoteleria.distrihogar.com\/#organization\",\"name\":\"Hoteleria Distrihogar\",\"alternateName\":\"hoteleria.distrihogar.com\",\"url\":\"https:\/\/hoteleria.distrihogar.com\/\",\"logo\":{\"@type\":\"ImageObject\",\"inLanguage\":\"es\",\"@id\":\"https:\/\/hoteleria.distrihogar.com\/#\/schema\/logo\/image\/\",\"url\":\"https:\/\/hoteleria.distrihogar.com\/wp-content\/uploads\/2023\/02\/LogoDhHotel-horz.png\",\"contentUrl\":\"https:\/\/hoteleria.distrihogar.com\/wp-content\/uploads\/2023\/02\/LogoDhHotel-horz.png\",\"width\":300,\"height\":41,\"caption\":\"Hoteleria Distrihogar\"},\"image\":{\"@id\":\"https:\/\/hoteleria.distrihogar.com\/#\/schema\/logo\/image\/\"}}]}<\/script>\n<!-- \/ Yoast SEO plugin. -->","yoast_head_json":{"title":"Cat\u00e1logo de Hoteler\u00eda - Hoteleria Distrihogar","robots":{"index":"index","follow":"follow","max-snippet":"max-snippet:-1","max-image-preview":"max-image-preview:large","max-video-preview":"max-video-preview:-1"},"canonical":"https:\/\/hoteleria.distrihogar.com\/catalogo-de-hoteleria\/","og_locale":"es_ES","og_type":"article","og_title":"Cat\u00e1logo de Hoteler\u00eda - Hoteleria Distrihogar","og_description":"\u00bfBuscas una cotizaci\u00f3n para tu Hotel? Queremos conocer mejor tu negocio, dejanos tus datos y as\u00ed podremos ponernos en contacto en el menor tiempo posible. Tambien puedes gestionar f\u00e1cil y r\u00e1pido la dotaci\u00f3n de tu negocio con la mejor calidad y rentabilidad, accede al cat\u00e1logo de referencias disponibles para despacho inmediato en dotaf\u00e1cil.com, con el [&hellip;]","og_url":"https:\/\/hoteleria.distrihogar.com\/catalogo-de-hoteleria\/","og_site_name":"Hoteleria Distrihogar","article_modified_time":"2023-03-07T15:17:13+00:00","twitter_card":"summary_large_image","twitter_misc":{"Tiempo de lectura":"1 minuto"},"schema":{"@context":"https:\/\/schema.org","@graph":[{"@type":"WebPage","@id":"https:\/\/hoteleria.distrihogar.com\/catalogo-de-hoteleria\/","url":"https:\/\/hoteleria.distrihogar.com\/catalogo-de-hoteleria\/","name":"Cat\u00e1logo de Hoteler\u00eda - Hoteleria Distrihogar","isPartOf":{"@id":"https:\/\/hoteleria.distrihogar.com\/#website"},"datePublished":"2023-02-24T14:36:55+00:00","dateModified":"2023-03-07T15:17:13+00:00","breadcrumb":{"@id":"https:\/\/hoteleria.distrihogar.com\/catalogo-de-hoteleria\/#breadcrumb"},"inLanguage":"es","potentialAction":[{"@type":"ReadAction","target":["https:\/\/hoteleria.distrihogar.com\/catalogo-de-hoteleria\/"]}]},{"@type":"BreadcrumbList","@id":"https:\/\/hoteleria.distrihogar.com\/catalogo-de-hoteleria\/#breadcrumb","itemListElement":[{"@type":"ListItem","position":1,"name":"Inicio","item":"https:\/\/hoteleria.distrihogar.com\/"},{"@type":"ListItem","position":2,"name":"Cat\u00e1logo de Hoteler\u00eda"}]},{"@type":"WebSite","@id":"https:\/\/hoteleria.distrihogar.com\/#website","url":"https:\/\/hoteleria.distrihogar.com\/","name":"Hoteleria Distrihogar","description":"Dotaci&oacute;n Institucional Hotelera","publisher":{"@id":"https:\/\/hoteleria.distrihogar.com\/#organization"},"potentialAction":[{"@type":"SearchAction","target":{"@type":"EntryPoint","urlTemplate":"https:\/\/hoteleria.distrihogar.com\/?s={search_term_string}"},"query-input":{"@type":"PropertyValueSpecification","valueRequired":true,"valueName":"search_term_string"}}],"inLanguage":"es"},{"@type":"Organization","@id":"https:\/\/hoteleria.distrihogar.com\/#organization","name":"Hoteleria Distrihogar","alternateName":"hoteleria.distrihogar.com","url":"https:\/\/hoteleria.distrihogar.com\/","logo":{"@type":"ImageObject","inLanguage":"es","@id":"https:\/\/hoteleria.distrihogar.com\/#\/schema\/logo\/image\/","url":"https:\/\/hoteleria.distrihogar.com\/wp-content\/uploads\/2023\/02\/LogoDhHotel-horz.png","contentUrl":"https:\/\/hoteleria.distrihogar.com\/wp-content\/uploads\/2023\/02\/LogoDhHotel-horz.png","width":300,"height":41,"caption":"Hoteleria Distrihogar"},"image":{"@id":"https:\/\/hoteleria.distrihogar.com\/#\/schema\/logo\/image\/"}}]}},"jetpack_sharing_enabled":true,"_links":{"self":[{"href":"https:\/\/hoteleria.distrihogar.com\/hoteleria-prueba\/wp-json\/wp\/v2\/pages\/30","targetHints":{"allow":["GET"]}}],"collection":[{"href":"https:\/\/hoteleria.distrihogar.com\/hoteleria-prueba\/wp-json\/wp\/v2\/pages"}],"about":[{"href":"https:\/\/hoteleria.distrihogar.com\/hoteleria-prueba\/wp-json\/wp\/v2\/types\/page"}],"author":[{"embeddable":true,"href":"https:\/\/hoteleria.distrihogar.com\/hoteleria-prueba\/wp-json\/wp\/v2\/users\/2"}],"replies":[{"embeddable":true,"href":"https:\/\/hoteleria.distrihogar.com\/hoteleria-prueba\/wp-json\/wp\/v2\/comments?post=30"}],"version-history":[{"count":6,"href":"https:\/\/hoteleria.distrihogar.com\/hoteleria-prueba\/wp-json\/wp\/v2\/pages\/30\/revisions"}],"predecessor-version":[{"id":91,"href":"https:\/\/hoteleria.distrihogar.com\/hoteleria-prueba\/wp-json\/wp\/v2\/pages\/30\/revisions\/91"}],"wp:attachment":[{"href":"https:\/\/hoteleria.distrihogar.com\/hoteleria-prueba\/wp-json\/wp\/v2\/media?parent=30"}],"curies":[{"name":"wp","href":"https:\/\/api.w.org\/{rel}","templated":true}]}}