{"id":120,"date":"2023-03-07T12:24:09","date_gmt":"2023-03-07T17:24:09","guid":{"rendered":"https:\/\/hoteleria.distrihogar.com\/?page_id=120"},"modified":"2026-01-21T12:40:33","modified_gmt":"2026-01-21T17:40:33","slug":"productos-2","status":"publish","type":"page","link":"https:\/\/hoteleria.distrihogar.com\/hoteleria-prueba\/productos-2\/","title":{"rendered":"Productos"},"content":{"rendered":"<p>[et_pb_section fb_built=\u00bb1&#8243; fullwidth=\u00bbon\u00bb _builder_version=\u00bb4.20.2&#8243; _module_preset=\u00bbdefault\u00bb module_alignment=\u00bbcenter\u00bb custom_margin=\u00bb||||false|false\u00bb global_colors_info=\u00bb{}\u00bb][et_pb_fullwidth_slider _builder_version=\u00bb4.27.4&#8243; _module_preset=\u00bbdefault\u00bb background_color_gradient_type=\u00bbcircular\u00bb background_color_gradient_stops=\u00bbrgba(0,0,0,0.3) 0%|#000000 100%\u00bb custom_margin=\u00bb||||false|false\u00bb custom_padding=\u00bb||||false|false\u00bb global_colors_info=\u00bb{}\u00bb][et_pb_slide heading=\u00bbLa Habitaci\u00f3n Hotelera\u00bb use_bg_overlay=\u00bbon\u00bb use_text_overlay=\u00bboff\u00bb _builder_version=\u00bb4.27.4&#8243; _module_preset=\u00bbdefault\u00bb header_font=\u00bbLora||||||||\u00bb body_font=\u00bbMontserrat||||||||\u00bb background_image=\u00bbhttps:\/\/hoteleria.distrihogar.com\/hoteleria-prueba\/wp-content\/uploads\/2023\/03\/Slide_HPlaya.jpg\u00bb background_enable_image=\u00bbon\u00bb parallax=\u00bbon\u00bb max_width=\u00bb70%\u00bb custom_padding=\u00bb0px||0px||false|false\u00bb global_colors_info=\u00bb{}\u00bb sticky_transition=\u00bbon\u00bb]<\/p>\n<p style=\"text-align: center;\"><span>Una habitaci\u00f3n c\u00f3moda y bien equipada es esencial para brindar una experiencia excepcional a los hu\u00e9spedes de un hotel o cualquier tipo de hospedaje. Ofrecemos una amplia gama de productos que ayudar\u00e1n a crear el ambiente perfecto para una buena noche de descanso.<\/span><\/p>\n<p>[\/et_pb_slide][\/et_pb_fullwidth_slider][\/et_pb_section][et_pb_section fb_built=\u00bb1&#8243; _builder_version=\u00bb4.20.0&#8243; _module_preset=\u00bbdefault\u00bb global_colors_info=\u00bb{}\u00bb][et_pb_row column_structure=\u00bb1_2,1_2&#8243; _builder_version=\u00bb4.20.0&#8243; _module_preset=\u00bbdefault\u00bb global_colors_info=\u00bb{}\u00bb][et_pb_column type=\u00bb1_2&#8243; _builder_version=\u00bb4.20.0&#8243; _module_preset=\u00bbdefault\u00bb global_colors_info=\u00bb{}\u00bb][et_pb_image src=\u00bbhttps:\/\/hoteleria.distrihogar.com\/hoteleria-prueba\/wp-content\/uploads\/2023\/03\/ExplosionProductosA.png\u00bb title_text=\u00bbExplosionProductosA\u00bb _builder_version=\u00bb4.20.2&#8243; _module_preset=\u00bbdefault\u00bb global_colors_info=\u00bb{}\u00bb][\/et_pb_image][\/et_pb_column][et_pb_column type=\u00bb1_2&#8243; _builder_version=\u00bb4.20.0&#8243; _module_preset=\u00bbdefault\u00bb global_colors_info=\u00bb{}\u00bb][et_pb_text _builder_version=\u00bb4.27.4&#8243; _module_preset=\u00bbdefault\u00bb text_font=\u00bbMontserrat||||||||\u00bb header_font=\u00bbLora||||||||\u00bb global_colors_info=\u00bb{}\u00bb]<\/p>\n<h1 style=\"text-align: center;\"><strong>LA CAMA LO ES TODO.<\/strong><\/h1>\n<p style=\"text-align: justify;\"><strong><\/strong><\/p>\n<p style=\"text-align: justify;\"><strong><\/strong>La cama es la pieza central de la habitaci\u00f3n.<\/p>\n<p style=\"text-align: justify;\">Cuando viajamos, ya sea por negocio o por placer, el momento de acostarse es quiz\u00e1s uno de los m\u00e1s a\u00f1orados. Es aqu\u00ed precisamente donde se puede hacer la diferencia. Una cama debe estar tendida con los elementos necesarios para la noche ofreciendo a los hu\u00e9spedes una experiencia memorable. Adem\u00e1s de garantizar el confort de la cama, como industria hotelera es de vital importancia optimizar los recursos de la operaci\u00f3n, entre ellos los textiles para asegurar una buena rentabilidad<\/p>\n<p>[\/et_pb_text][et_pb_image src=\u00bbhttps:\/\/hoteleria.distrihogar.com\/hoteleria-prueba\/wp-content\/uploads\/2023\/03\/ExplosionProductosB.png\u00bb title_text=\u00bbExplosionProductosB\u00bb _builder_version=\u00bb4.20.2&#8243; _module_preset=\u00bbdefault\u00bb global_colors_info=\u00bb{}\u00bb][\/et_pb_image][\/et_pb_column][\/et_pb_row][\/et_pb_section][et_pb_section fb_built=\u00bb1&#8243; _builder_version=\u00bb4.20.2&#8243; _module_preset=\u00bbdefault\u00bb min_height=\u00bb816.8px\u00bb custom_margin=\u00bb||||false|false\u00bb custom_padding=\u00bb||||false|false\u00bb global_colors_info=\u00bb{}\u00bb][et_pb_row _builder_version=\u00bb4.20.2&#8243; _module_preset=\u00bbdefault\u00bb custom_padding=\u00bb||||false|false\u00bb global_colors_info=\u00bb{}\u00bb][et_pb_column type=\u00bb4_4&#8243; _builder_version=\u00bb4.20.2&#8243; _module_preset=\u00bbdefault\u00bb global_colors_info=\u00bb{}\u00bb][ba_image_carousel _builder_version=\u00bb4.27.4&#8243; _module_preset=\u00bbdefault\u00bb hover_enabled=\u00bb0&#8243; global_module=\u00bb847&#8243; saved_tabs=\u00bball\u00bb global_colors_info=\u00bb{}\u00bb sticky_enabled=\u00bb0&#8243;][ba_image_carousel_child photo=\u00bbhttps:\/\/hoteleria.distrihogar.com\/hoteleria-prueba\/wp-content\/uploads\/2023\/03\/ProductoAlmohadas.jpg\u00bb title=\u00bbAlmohadas\u00bb sub_title=\u00bbLas almohadas son una parte esencial de la experiencia de sue\u00f1o. Ofrecemos una amplia selecci\u00f3n de almohadas que se adaptan a las necesidades de cada hu\u00e9sped.\u00bb _builder_version=\u00bb4.27.4&#8243; _module_preset=\u00bbdefault\u00bb title_font=\u00bbLora||||||||\u00bb subtitle_level=\u00bbh6&#8243; subtitle_font=\u00bbMontserrat||||||||\u00bb hover_enabled=\u00bb0&#8243; global_colors_info=\u00bb{}\u00bb sticky_enabled=\u00bb0&#8243;][\/ba_image_carousel_child][ba_image_carousel_child photo=\u00bbhttps:\/\/hoteleria.distrihogar.com\/hoteleria-prueba\/wp-content\/uploads\/2023\/03\/ProductoProtectores.jpg\u00bb title=\u00bbProtectores de Colch\u00f3n y Almohada\u00bb sub_title=\u00bbLos protectores de colch\u00f3n y almohadas son una parte esencial de la experiencia de sue\u00f1o de cualquier hu\u00e9sped. Ofrecemos una amplia selecci\u00f3n de protectores que garantizar\u00e1n la higiene y durabilidad de los productos de descanso.\u00bb _builder_version=\u00bb4.27.4&#8243; _module_preset=\u00bbdefault\u00bb title_font=\u00bbLora||||||||\u00bb subtitle_level=\u00bbh6&#8243; subtitle_font=\u00bbMontserrat||||||||\u00bb global_colors_info=\u00bb{}\u00bb][\/ba_image_carousel_child][ba_image_carousel_child photo=\u00bbhttps:\/\/hoteleria.distrihogar.com\/hoteleria-prueba\/wp-content\/uploads\/2023\/03\/ProductoPlumon.jpg\u00bb title=\u00bbPlumones\u00bb sub_title=\u00bbLos plumones son una excelente opci\u00f3n para los hu\u00e9spedes que prefieren una cama m\u00e1s c\u00e1lida. Ofrecemos diferentes tipos de plumones que se adaptan a las necesidades de cada hu\u00e9sped.\u00bb _builder_version=\u00bb4.27.4&#8243; _module_preset=\u00bbdefault\u00bb title_font=\u00bbLora||||||||\u00bb subtitle_level=\u00bbh6&#8243; subtitle_font=\u00bbMontserrat||||||||\u00bb global_colors_info=\u00bb{}\u00bb][\/ba_image_carousel_child][ba_image_carousel_child photo=\u00bbhttps:\/\/hoteleria.distrihogar.com\/hoteleria-prueba\/wp-content\/uploads\/2023\/03\/ProductoMTopper.jpg\u00bb title=\u00bbMatress Topper\u00bb sub_title=\u00bbLos mattress toppers son una opci\u00f3n popular para mejorar la comodidad de los colchones. Ofrecemos una selecci\u00f3n de toppers en diferentes materiales y espesores para adaptarse a cualquier colch\u00f3n de hotel.\u00bb content_alignment=\u00bbcenter\u00bb _builder_version=\u00bb4.27.4&#8243; _module_preset=\u00bbdefault\u00bb title_font=\u00bbLora||||||||\u00bb subtitle_level=\u00bbh6&#8243; subtitle_font=\u00bbMontserrat||||||||\u00bb global_colors_info=\u00bb{}\u00bb][\/ba_image_carousel_child][ba_image_carousel_child photo=\u00bbhttps:\/\/hoteleria.distrihogar.com\/hoteleria-prueba\/wp-content\/uploads\/2023\/03\/ProductoColchon.jpg\u00bb title=\u00bbColchones para Hoteler\u00eda\u00bb sub_title=\u00bbEl colch\u00f3n es el elemento m\u00e1s importante de cualquier habitaci\u00f3n de hotel. Ofrecemos una variedad de colchones para adaptarse a diferentes presupuestos y necesidades, desde colchones econ\u00f3micos hasta opciones de lujo.\u00bb _builder_version=\u00bb4.27.4&#8243; _module_preset=\u00bbdefault\u00bb title_font=\u00bbLora||||||||\u00bb subtitle_level=\u00bbh6&#8243; subtitle_font=\u00bbMontserrat||||||||\u00bb global_colors_info=\u00bb{}\u00bb][\/ba_image_carousel_child][ba_image_carousel_child photo=\u00bbhttps:\/\/hoteleria.distrihogar.com\/hoteleria-prueba\/wp-content\/uploads\/2023\/03\/ProductoCobija.jpg\u00bb title=\u00bbCobijas de Alto Tr\u00e1fico\u00bb sub_title=\u00bbLas cobijas son una adici\u00f3n acogedora a cualquier habitaci\u00f3n de hotel. Ofrecemos una variedad de cobijas en diferentes materiales y estilos para satisfacer las necesidades de sus hu\u00e9spedes.\u00bb _builder_version=\u00bb4.27.4&#8243; _module_preset=\u00bbdefault\u00bb title_font=\u00bbLora||||||||\u00bb subtitle_level=\u00bbh6&#8243; subtitle_font=\u00bbMontserrat||||||||\u00bb global_colors_info=\u00bb{}\u00bb][\/ba_image_carousel_child][ba_image_carousel_child photo=\u00bbhttps:\/\/hoteleria.distrihogar.com\/hoteleria-prueba\/wp-content\/uploads\/2023\/03\/ProductoCover.jpg\u00bb photo_alt=\u00bbCover Duvet o Funda Plum\u00f3n\u00bb title=\u00bbCover Duvet o Funda Plum\u00f3n\u00bb sub_title=\u00bbLos cubrecamas son esenciales para mantener el edred\u00f3n limpio y protegido. Ofrecemos una variedad de cubrecamas en diferentes materiales y dise\u00f1os para adaptarse a cualquier habitaci\u00f3n de hotel.\u00bb _builder_version=\u00bb4.27.4&#8243; _module_preset=\u00bbdefault\u00bb title_font=\u00bbLora||||||||\u00bb subtitle_level=\u00bbh6&#8243; subtitle_font=\u00bbMontserrat||||||||\u00bb global_colors_info=\u00bb{}\u00bb][\/ba_image_carousel_child][ba_image_carousel_child photo=\u00bbhttps:\/\/hoteleria.distrihogar.com\/hoteleria-prueba\/wp-content\/uploads\/2023\/03\/ProductoCortinas.jpg\u00bb title=\u00bbCortiner\u00eda Comercial\u00bb sub_title=\u00bbLas cortinas son importantes para controlar la luz y la privacidad en la habitaci\u00f3n. Ofrecemos una selecci\u00f3n de cortinas en diferentes estilos y materiales para adaptarse a cualquier habitaci\u00f3n de hotel.\u00bb _builder_version=\u00bb4.27.4&#8243; _module_preset=\u00bbdefault\u00bb title_font=\u00bbLora||||||||\u00bb subtitle_level=\u00bbh6&#8243; subtitle_font=\u00bbMontserrat||||||||\u00bb hover_enabled=\u00bb0&#8243; global_colors_info=\u00bb{}\u00bb sticky_enabled=\u00bb0&#8243;][\/ba_image_carousel_child][ba_image_carousel_child photo_alt=\u00bbSabanas\u00bb _builder_version=\u00bb4.27.4&#8243; _module_preset=\u00bbdefault\u00bb hover_enabled=\u00bb0&#8243; global_colors_info=\u00bb{}\u00bb title=\u00bbJuego de S\u00e1banas\u00bb sub_title=\u00bbLos juegos de s\u00e1banas son una parte esencial de la experiencia de descanso en cualquier hotel. Est\u00e1n dise\u00f1ados para brindar suavidad, frescura y comodidad, adapt\u00e1ndose a las necesidades de cada hu\u00e9sped y garantizando una sensaci\u00f3n de bienestar desde el primer momento.\u00bb title_text=\u00bbSin t\u00edtulo-1&#8243; photo=\u00bbhttps:\/\/hoteleria.distrihogar.com\/wp-content\/uploads\/2025\/07\/Sin-titulo-1.jpg\u00bb sticky_enabled=\u00bb0&#8243; title_level=\u00bbh3&#8243; title_font=\u00bbLora||||||||\u00bb subtitle_font=\u00bbMontserrat||||||||\u00bb][\/ba_image_carousel_child][\/ba_image_carousel][\/et_pb_column][\/et_pb_row][et_pb_row _builder_version=\u00bb4.20.2&#8243; _module_preset=\u00bbdefault\u00bb global_colors_info=\u00bb{}\u00bb][et_pb_column type=\u00bb4_4&#8243; _builder_version=\u00bb4.20.2&#8243; _module_preset=\u00bbdefault\u00bb global_colors_info=\u00bb{}\u00bb][et_pb_divider divider_weight=\u00bb3px\u00bb _builder_version=\u00bb4.20.2&#8243; _module_preset=\u00bbdefault\u00bb global_colors_info=\u00bb{}\u00bb][\/et_pb_divider][\/et_pb_column][\/et_pb_row][\/et_pb_section][et_pb_section fb_built=\u00bb1&#8243; _builder_version=\u00bb4.20.2&#8243; _module_preset=\u00bbdefault\u00bb custom_margin=\u00bb-100px||||false|false\u00bb custom_padding=\u00bb0px||6px||false|false\u00bb global_colors_info=\u00bb{}\u00bb min_height=\u00bb1038.7px\u00bb][et_pb_row _builder_version=\u00bb4.20.2&#8243; _module_preset=\u00bbdefault\u00bb global_colors_info=\u00bb{}\u00bb][et_pb_column type=\u00bb4_4&#8243; _builder_version=\u00bb4.20.2&#8243; _module_preset=\u00bbdefault\u00bb global_colors_info=\u00bb{}\u00bb][et_pb_text _builder_version=\u00bb4.27.4&#8243; _module_preset=\u00bbdefault\u00bb text_font=\u00bbMontserrat||||||||\u00bb header_font=\u00bbLora||||||||\u00bb text_orientation=\u00bbcenter\u00bb max_width=\u00bb70%\u00bb module_alignment=\u00bbcenter\u00bb global_colors_info=\u00bb{}\u00bb]<\/p>\n<h1 style=\"text-align: center;\"><strong>Textiles para la Experiencia Hotelera.<\/strong><\/h1>\n<p style=\"text-align: center;\">Nuestra experiencia en el sector hotelero se extiende a otros ambientes vitales para obtener una experiencia homogenea, agradable y memorable. Textiles para el ba\u00f1o, zonas h\u00famedas, spa y restaurantes o cafeter\u00eda.<\/p>\n<p>[\/et_pb_text][ba_image_carousel _builder_version=\u00bb4.27.4&#8243; _module_preset=\u00bbdefault\u00bb global_colors_info=\u00bb{}\u00bb][ba_image_carousel_child photo=\u00bbhttps:\/\/hoteleria.distrihogar.com\/hoteleria-prueba\/wp-content\/uploads\/2023\/03\/ProductoToallas.jpg\u00bb title=\u00bbToallas\u00bb _builder_version=\u00bb4.27.4&#8243; _module_preset=\u00bbdefault\u00bb title_font=\u00bbLora||on||||||\u00bb global_colors_info=\u00bb{}\u00bb][\/ba_image_carousel_child][ba_image_carousel_child photo=\u00bbhttps:\/\/hoteleria.distrihogar.com\/hoteleria-prueba\/wp-content\/uploads\/2023\/03\/ProductoBatas.jpg\u00bb title=\u00bbBatas de Ba\u00f1o\u00bb _builder_version=\u00bb4.27.4&#8243; _module_preset=\u00bbdefault\u00bb title_font=\u00bbLora||on||||||\u00bb global_colors_info=\u00bb{}\u00bb][\/ba_image_carousel_child][ba_image_carousel_child photo=\u00bbhttps:\/\/hoteleria.distrihogar.com\/hoteleria-prueba\/wp-content\/uploads\/2023\/03\/ProductoMesa.jpg\u00bb title=\u00bbTextiles para la Mesa\u00bb _builder_version=\u00bb4.27.4&#8243; _module_preset=\u00bbdefault\u00bb title_font=\u00bbLora||on||||||\u00bb global_colors_info=\u00bb{}\u00bb][\/ba_image_carousel_child][\/ba_image_carousel][\/et_pb_column][\/et_pb_row][et_pb_row _builder_version=\u00bb4.20.2&#8243; _module_preset=\u00bbdefault\u00bb global_colors_info=\u00bb{}\u00bb][et_pb_column type=\u00bb4_4&#8243; _builder_version=\u00bb4.20.2&#8243; _module_preset=\u00bbdefault\u00bb global_colors_info=\u00bb{}\u00bb][et_pb_cta title=\u00bbConoce Nuestro Cat\u00e1logo\u00bb button_url=\u00bb@ET-DC@eyJkeW5hbWljIjp0cnVlLCJjb250ZW50IjoicG9zdF9saW5rX3VybF9wYWdlIiwic2V0dGluZ3MiOnsicG9zdF9pZCI6IjMwIn19@\u00bb button_text=\u00bbVer ahora\u00bb _builder_version=\u00bb4.27.4&#8243; _dynamic_attributes=\u00bbbutton_url\u00bb _module_preset=\u00bbdefault\u00bb header_font=\u00bbLora||||||||\u00bb body_font=\u00bbMontserrat||||||||\u00bb body_text_align=\u00bbcenter\u00bb background_color=\u00bb#B3B3B3&#8243; use_background_color_gradient=\u00bbon\u00bb background_color_gradient_type=\u00bbelliptical\u00bb background_color_gradient_stops=\u00bbrgba(0,0,0,0.45) 0%|#000000 100%\u00bb background_color_gradient_overlays_image=\u00bbon\u00bb background_image=\u00bbhttps:\/\/hoteleria.distrihogar.com\/hoteleria-prueba\/wp-content\/uploads\/2023\/03\/Slide_HHotel.jpg\u00bb parallax=\u00bbon\u00bb background_blend=\u00bbmultiply\u00bb global_colors_info=\u00bb{}\u00bb]<\/p>\n<p>Ofrecemos una amplia gama de productos especificamente dise\u00f1ados para la industria hotelera, conoce nuestra oferta y habla con uno de nuestros comerciales expertos.<\/p>\n<p>[\/et_pb_cta][\/et_pb_column][\/et_pb_row][\/et_pb_section][et_pb_section fb_built=\u00bb1&#8243; _builder_version=\u00bb4.20.2&#8243; _module_preset=\u00bbdefault\u00bb use_background_color_gradient=\u00bbon\u00bb background_color_gradient_stops=\u00bb#b3b3b3 0%|#d6d6d6 100%\u00bb global_colors_info=\u00bb{}\u00bb][et_pb_row column_structure=\u00bb1_2,1_2&#8243; _builder_version=\u00bb4.20.2&#8243; _module_preset=\u00bbdefault\u00bb global_colors_info=\u00bb{}\u00bb][et_pb_column type=\u00bb1_2&#8243; _builder_version=\u00bb4.20.2&#8243; _module_preset=\u00bbdefault\u00bb global_colors_info=\u00bb{}\u00bb][et_pb_text _builder_version=\u00bb4.20.2&#8243; _module_preset=\u00bbdefault\u00bb global_colors_info=\u00bb{}\u00bb]<\/p>\n<h1>\u00bfBuscas una cotizaci\u00f3n para tu Hotel?<\/h1>\n<p><strong>Queremos conocer mejor tu negocio, dejanos tus datos y as\u00ed podremos ponernos en contacto en el menor tiempo posible.<\/strong><\/p>\n<p>Tambien puedes gestionar f\u00e1cil y r\u00e1pido la dotaci\u00f3n de tu negocio con la mejor calidad y rentabilidad, accede al cat\u00e1logo de referencias disponibles para despacho inmediato en <a href=\"http:\/\/www.dotafacil.com\" target=\"_blank\" rel=\"noopener\" title=\"Dotafacil, es f\u00e1cil para ti y bueno para tu negocio.\">dotaf\u00e1cil.com<\/a>, con el respaldo de Distrihogar.<\/p>\n<p>[\/et_pb_text][\/et_pb_column][et_pb_column type=\u00bb1_2&#8243; _builder_version=\u00bb4.20.2&#8243; _module_preset=\u00bbdefault\u00bb global_colors_info=\u00bb{}\u00bb][et_pb_code _builder_version=\u00bb4.20.2&#8243; _module_preset=\u00bbdefault\u00bb global_colors_info=\u00bb{}\u00bb]<script charset=\"utf-8\" type=\"text\/javascript\" src=\"\/\/js.hsforms.net\/forms\/embed\/v2.js\"><\/script><!-- [et_pb_line_break_holder] --><script><!-- [et_pb_line_break_holder] -->  hbspt.forms.create({<!-- [et_pb_line_break_holder] -->    region: \"na1\",<!-- [et_pb_line_break_holder] -->    portalId: \"20223167\",<!-- [et_pb_line_break_holder] -->    formId: \"3edb2fb9-a0c3-4527-a2f1-7121d054b1d7\"<!-- [et_pb_line_break_holder] -->  });<!-- [et_pb_line_break_holder] --><\/script>[\/et_pb_code][\/et_pb_column][\/et_pb_row][\/et_pb_section]<\/p>\n","protected":false},"excerpt":{"rendered":"<p>Una habitaci\u00f3n c\u00f3moda y bien equipada es esencial para brindar una experiencia excepcional a los hu\u00e9spedes de un hotel o cualquier tipo de hospedaje. Ofrecemos una amplia gama de productos que ayudar\u00e1n a crear el ambiente perfecto para una buena noche de descanso.LA CAMA LO ES TODO. La cama es la pieza central de la [&hellip;]<\/p>\n","protected":false},"author":2,"featured_media":0,"parent":0,"menu_order":0,"comment_status":"closed","ping_status":"closed","template":"","meta":{"_et_pb_use_builder":"on","_et_pb_old_content":"","_et_gb_content_width":"","content-type":"","footnotes":""},"class_list":["post-120","page","type-page","status-publish","hentry"],"yoast_head":"<!-- This site is optimized with the Yoast SEO plugin v26.2 - https:\/\/yoast.com\/wordpress\/plugins\/seo\/ -->\n<title>Productos - Hoteleria Distrihogar<\/title>\n<meta name=\"robots\" content=\"index, follow, max-snippet:-1, max-image-preview:large, max-video-preview:-1\" \/>\n<link rel=\"canonical\" href=\"https:\/\/hoteleria.distrihogar.com\/productos-2\/\" \/>\n<meta property=\"og:locale\" content=\"es_ES\" \/>\n<meta property=\"og:type\" content=\"article\" \/>\n<meta property=\"og:title\" content=\"Productos - Hoteleria Distrihogar\" \/>\n<meta property=\"og:description\" content=\"Una habitaci\u00f3n c\u00f3moda y bien equipada es esencial para brindar una experiencia excepcional a los hu\u00e9spedes de un hotel o cualquier tipo de hospedaje. Ofrecemos una amplia gama de productos que ayudar\u00e1n a crear el ambiente perfecto para una buena noche de descanso.LA CAMA LO ES TODO. La cama es la pieza central de la [&hellip;]\" \/>\n<meta property=\"og:url\" content=\"https:\/\/hoteleria.distrihogar.com\/productos-2\/\" \/>\n<meta property=\"og:site_name\" content=\"Hoteleria Distrihogar\" \/>\n<meta property=\"article:modified_time\" content=\"2026-01-21T17:40:33+00:00\" \/>\n<meta name=\"twitter:card\" content=\"summary_large_image\" \/>\n<meta name=\"twitter:label1\" content=\"Tiempo de lectura\" \/>\n\t<meta name=\"twitter:data1\" content=\"9 minutos\" \/>\n<script type=\"application\/ld+json\" class=\"yoast-schema-graph\">{\"@context\":\"https:\/\/schema.org\",\"@graph\":[{\"@type\":\"WebPage\",\"@id\":\"https:\/\/hoteleria.distrihogar.com\/productos-2\/\",\"url\":\"https:\/\/hoteleria.distrihogar.com\/productos-2\/\",\"name\":\"Productos - Hoteleria Distrihogar\",\"isPartOf\":{\"@id\":\"https:\/\/hoteleria.distrihogar.com\/#website\"},\"datePublished\":\"2023-03-07T17:24:09+00:00\",\"dateModified\":\"2026-01-21T17:40:33+00:00\",\"breadcrumb\":{\"@id\":\"https:\/\/hoteleria.distrihogar.com\/productos-2\/#breadcrumb\"},\"inLanguage\":\"es\",\"potentialAction\":[{\"@type\":\"ReadAction\",\"target\":[\"https:\/\/hoteleria.distrihogar.com\/productos-2\/\"]}]},{\"@type\":\"BreadcrumbList\",\"@id\":\"https:\/\/hoteleria.distrihogar.com\/productos-2\/#breadcrumb\",\"itemListElement\":[{\"@type\":\"ListItem\",\"position\":1,\"name\":\"Inicio\",\"item\":\"https:\/\/hoteleria.distrihogar.com\/\"},{\"@type\":\"ListItem\",\"position\":2,\"name\":\"Productos\"}]},{\"@type\":\"WebSite\",\"@id\":\"https:\/\/hoteleria.distrihogar.com\/#website\",\"url\":\"https:\/\/hoteleria.distrihogar.com\/\",\"name\":\"Hoteleria Distrihogar\",\"description\":\"Dotaci&oacute;n Institucional Hotelera\",\"publisher\":{\"@id\":\"https:\/\/hoteleria.distrihogar.com\/#organization\"},\"potentialAction\":[{\"@type\":\"SearchAction\",\"target\":{\"@type\":\"EntryPoint\",\"urlTemplate\":\"https:\/\/hoteleria.distrihogar.com\/?s={search_term_string}\"},\"query-input\":{\"@type\":\"PropertyValueSpecification\",\"valueRequired\":true,\"valueName\":\"search_term_string\"}}],\"inLanguage\":\"es\"},{\"@type\":\"Organization\",\"@id\":\"https:\/\/hoteleria.distrihogar.com\/#organization\",\"name\":\"Hoteleria Distrihogar\",\"alternateName\":\"hoteleria.distrihogar.com\",\"url\":\"https:\/\/hoteleria.distrihogar.com\/\",\"logo\":{\"@type\":\"ImageObject\",\"inLanguage\":\"es\",\"@id\":\"https:\/\/hoteleria.distrihogar.com\/#\/schema\/logo\/image\/\",\"url\":\"https:\/\/hoteleria.distrihogar.com\/wp-content\/uploads\/2023\/02\/LogoDhHotel-horz.png\",\"contentUrl\":\"https:\/\/hoteleria.distrihogar.com\/wp-content\/uploads\/2023\/02\/LogoDhHotel-horz.png\",\"width\":300,\"height\":41,\"caption\":\"Hoteleria Distrihogar\"},\"image\":{\"@id\":\"https:\/\/hoteleria.distrihogar.com\/#\/schema\/logo\/image\/\"}}]}<\/script>\n<!-- \/ Yoast SEO plugin. -->","yoast_head_json":{"title":"Productos - Hoteleria Distrihogar","robots":{"index":"index","follow":"follow","max-snippet":"max-snippet:-1","max-image-preview":"max-image-preview:large","max-video-preview":"max-video-preview:-1"},"canonical":"https:\/\/hoteleria.distrihogar.com\/productos-2\/","og_locale":"es_ES","og_type":"article","og_title":"Productos - Hoteleria Distrihogar","og_description":"Una habitaci\u00f3n c\u00f3moda y bien equipada es esencial para brindar una experiencia excepcional a los hu\u00e9spedes de un hotel o cualquier tipo de hospedaje. Ofrecemos una amplia gama de productos que ayudar\u00e1n a crear el ambiente perfecto para una buena noche de descanso.LA CAMA LO ES TODO. La cama es la pieza central de la [&hellip;]","og_url":"https:\/\/hoteleria.distrihogar.com\/productos-2\/","og_site_name":"Hoteleria Distrihogar","article_modified_time":"2026-01-21T17:40:33+00:00","twitter_card":"summary_large_image","twitter_misc":{"Tiempo de lectura":"9 minutos"},"schema":{"@context":"https:\/\/schema.org","@graph":[{"@type":"WebPage","@id":"https:\/\/hoteleria.distrihogar.com\/productos-2\/","url":"https:\/\/hoteleria.distrihogar.com\/productos-2\/","name":"Productos - Hoteleria Distrihogar","isPartOf":{"@id":"https:\/\/hoteleria.distrihogar.com\/#website"},"datePublished":"2023-03-07T17:24:09+00:00","dateModified":"2026-01-21T17:40:33+00:00","breadcrumb":{"@id":"https:\/\/hoteleria.distrihogar.com\/productos-2\/#breadcrumb"},"inLanguage":"es","potentialAction":[{"@type":"ReadAction","target":["https:\/\/hoteleria.distrihogar.com\/productos-2\/"]}]},{"@type":"BreadcrumbList","@id":"https:\/\/hoteleria.distrihogar.com\/productos-2\/#breadcrumb","itemListElement":[{"@type":"ListItem","position":1,"name":"Inicio","item":"https:\/\/hoteleria.distrihogar.com\/"},{"@type":"ListItem","position":2,"name":"Productos"}]},{"@type":"WebSite","@id":"https:\/\/hoteleria.distrihogar.com\/#website","url":"https:\/\/hoteleria.distrihogar.com\/","name":"Hoteleria Distrihogar","description":"Dotaci&oacute;n Institucional Hotelera","publisher":{"@id":"https:\/\/hoteleria.distrihogar.com\/#organization"},"potentialAction":[{"@type":"SearchAction","target":{"@type":"EntryPoint","urlTemplate":"https:\/\/hoteleria.distrihogar.com\/?s={search_term_string}"},"query-input":{"@type":"PropertyValueSpecification","valueRequired":true,"valueName":"search_term_string"}}],"inLanguage":"es"},{"@type":"Organization","@id":"https:\/\/hoteleria.distrihogar.com\/#organization","name":"Hoteleria Distrihogar","alternateName":"hoteleria.distrihogar.com","url":"https:\/\/hoteleria.distrihogar.com\/","logo":{"@type":"ImageObject","inLanguage":"es","@id":"https:\/\/hoteleria.distrihogar.com\/#\/schema\/logo\/image\/","url":"https:\/\/hoteleria.distrihogar.com\/wp-content\/uploads\/2023\/02\/LogoDhHotel-horz.png","contentUrl":"https:\/\/hoteleria.distrihogar.com\/wp-content\/uploads\/2023\/02\/LogoDhHotel-horz.png","width":300,"height":41,"caption":"Hoteleria Distrihogar"},"image":{"@id":"https:\/\/hoteleria.distrihogar.com\/#\/schema\/logo\/image\/"}}]}},"jetpack_sharing_enabled":true,"_links":{"self":[{"href":"https:\/\/hoteleria.distrihogar.com\/hoteleria-prueba\/wp-json\/wp\/v2\/pages\/120","targetHints":{"allow":["GET"]}}],"collection":[{"href":"https:\/\/hoteleria.distrihogar.com\/hoteleria-prueba\/wp-json\/wp\/v2\/pages"}],"about":[{"href":"https:\/\/hoteleria.distrihogar.com\/hoteleria-prueba\/wp-json\/wp\/v2\/types\/page"}],"author":[{"embeddable":true,"href":"https:\/\/hoteleria.distrihogar.com\/hoteleria-prueba\/wp-json\/wp\/v2\/users\/2"}],"replies":[{"embeddable":true,"href":"https:\/\/hoteleria.distrihogar.com\/hoteleria-prueba\/wp-json\/wp\/v2\/comments?post=120"}],"version-history":[{"count":22,"href":"https:\/\/hoteleria.distrihogar.com\/hoteleria-prueba\/wp-json\/wp\/v2\/pages\/120\/revisions"}],"predecessor-version":[{"id":2626,"href":"https:\/\/hoteleria.distrihogar.com\/hoteleria-prueba\/wp-json\/wp\/v2\/pages\/120\/revisions\/2626"}],"wp:attachment":[{"href":"https:\/\/hoteleria.distrihogar.com\/hoteleria-prueba\/wp-json\/wp\/v2\/media?parent=120"}],"curies":[{"name":"wp","href":"https:\/\/api.w.org\/{rel}","templated":true}]}}